{"id":1701,"date":"2026-04-24T16:38:20","date_gmt":"2026-04-24T14:38:20","guid":{"rendered":"https:\/\/permanente-impfambulanz.de\/apotheke\/agb\/"},"modified":"2026-04-24T16:38:20","modified_gmt":"2026-04-24T14:38:20","slug":"agb","status":"publish","type":"page","link":"https:\/\/permanente-impfambulanz.de\/apotheke\/agb\/","title":{"rendered":"Allgemeine Gesch\u00e4ftsbedingungen"},"content":{"rendered":"<h1>Nutzungsbedingungen (Terms of Use) f\u00fcr Impf-Apotheke<\/h1>\n<p>G\u00fcltig f\u00fcr die Domain permanente-impfambulanz.de und die \u00f6ffentliche Seite https:\/\/permanente-impfambulanz.de\/apotheke.<\/p>\n<h2>1. Geltung und Annahme<\/h2>\n<p>Mit dem Zugriff auf und der Nutzung dieser Website erkennen Sie diese Nutzungsbedingungen an. Sofern zwischen Ihnen und dem Betreiber keine gesonderte, schriftliche Vereinbarung besteht, regelt dieser Text das Vertragsverh\u00e4ltnis \u00fcber die Nutzung des Informationsangebotes von Impf-Apotheke.<\/p>\n<h2>2. Art des Angebots \u2014 rein redaktioneller Informationsdienst<\/h2>\n<p>Impf-Apotheke ist ein virtueller redaktioneller Informationsdienst. Die Website dient ausschlie\u00dflich Informations-, Vergleichs- und Bewertungszwecken. Impf-Apotheke ist keine Apotheke, kein H\u00e4ndler und kein H\u00e4ndlerportal: Es werden keine Produkte verkauft, gelagert, versandt, abgegeben oder geliefert. Die Website f\u00fchrt selbst keine kommerziellen Verkaufsprozesse durch.<\/p>\n<p>Jegliche auf der Seite angegebene Postanschrift, Telefonnummer oder E\u2011Mail\u2011Adresse \u2014 einschlie\u00dflich der Adresse K\u00f6nigstra\u00dfe 2, 70173 Stuttgart, Germany \u2014 geh\u00f6rt zum Betreiber des Informationsdienstes und dient ausschlie\u00dflich f\u00fcr rechtliche Benachrichtigungen und redaktionelle Korrespondenz. Diese Anschrift ist keine Apothekenadresse und darf nicht f\u00fcr Bestellungen, R\u00fccksendungen oder die Zusendung physischer Waren verwendet werden.<\/p>\n<h2>3. Keine Verkaufsverpflichtung, Weiterleitung zu offiziellen Verkaufsseiten<\/h2>\n<p>Alle Schaltfl\u00e4chen mit Bezeichnungen wie &#8222;Buy&#8220;, &#8222;Order&#8220;, &#8222;Purchase&#8220; oder \u00e4hnliche Handlungsaufforderungen leiten auf externe, von Herstellern oder autorisierten Verk\u00e4ufern betriebene offizielle Produktseiten weiter. Der Betreiber von Impf-Apotheke ist an Vertr\u00e4ge, die auf diesen fremden Seiten geschlossen werden, nicht beteiligt. Impf-Apotheke nimmt keine Zahlungen entgegen, h\u00e4lt keinen Warenbestand, hat keinen Zugriff auf Bestelldaten und \u00fcbernimmt keine Verantwortung f\u00fcr Preisgestaltung, Bestellabwicklung, Zahlung, Versand, Lieferung, R\u00fccksendungen, R\u00fcckerstattungen, Garantien oder sonstigen Kundendienst der externen H\u00e4ndler.<\/p>\n<h2>4. Keine Haftung f\u00fcr ver\u00f6ffentlichte Inhalte<\/h2>\n<p>Die Angaben zu Produkten, Preisen, Aktionen oder Verf\u00fcgbarkeiten auf dieser Website erfolgen ausschlie\u00dflich zu redaktionellen Zwecken. Die Betreiberin\/der Betreiber \u00fcbernimmt keine Gew\u00e4hr f\u00fcr Richtigkeit, Vollst\u00e4ndigkeit, Aktualit\u00e4t oder Rechtskonformit\u00e4t dieser Inhalte. Insbesondere begr\u00fcndet die Darstellung auf dieser Website kein Angebot zum Abschluss eines Kaufvertrags und stellt keine verbindliche Produktinformation dar.<\/p>\n<h2>5. Redaktionelle Haftungsausschl\u00fcsse und gesetzliche Hinweise<\/h2>\n<p>Unsere redaktionellen Beitr\u00e4ge und Produktinformationen k\u00f6nnen sich aufgrund von Markt\u00e4nderungen, Nachlieferungen der Hersteller oder technischen Fehlern zeitlich verz\u00f6gern oder unvollst\u00e4ndig sein. Preise, Verf\u00fcgbarkeit und Produktdetails werden von den jeweiligen Drittanbietern bestimmt und k\u00f6nnen sich kurzfristig \u00e4ndern. Impf-Apotheke \u00fcbernimmt hierf\u00fcr keine Haftung.<\/p>\n<p>Hinweis zu rechtlichen Rahmenbedingungen: F\u00fcr die Ver\u00f6ffentlichung und Kennzeichnung redaktioneller Inhalte gelten unter anderem die Vorschriften des Telemediengesetzes (TMG) sowie berufs\u2011 und werberechtliche Regelungen, z. B. das Heilmittelwerbegesetz (HWG). Das Vorhalten eines Informationsdienstes begr\u00fcndet keine apotheken\u2011 oder arzneimittelrechtliche T\u00e4tigkeit.<\/p>\n<h2>6. Keine medizinische Beratung<\/h2>\n<p>Die auf dieser Website bereitgestellten Informationen ersetzen keine individuelle, \u00e4rztliche oder pharmazeutische Beratung. Sie dienen ausschlie\u00dflich der allgemeinen Information. Vor der Einnahme von Arzneimitteln, Inanspruchnahme von Behandlungen oder vor Impfanliegen konsultieren Sie bitte eine zugelassene \u00c4rztin\/einen zugelassenen Arzt, eine Apothekerin\/einen Apotheker oder andere qualifizierte Gesundheitsfachkr\u00e4fte. Bei gesundheitlichen Notf\u00e4llen suchen Sie unverz\u00fcglich \u00e4rztliche Hilfe auf.<\/p>\n<h2>7. Zul\u00e4ssige und unzul\u00e4ssige Nutzung<\/h2>\n<ul>\n<li>Erlaubt: private, nicht-kommerzielle Nutzung der Inhalte zu Informationszwecken.<\/li>\n<li>Unzul\u00e4ssig: das automatisierte Auslesen (Scraping), systematische Kopieren ganzer Bereiche, das Entfernen von Kennzeichnungen, die Nutzung f\u00fcr rechtswidrige Zwecke, das Einstellen rechtswidriger Inhalte oder das Verbreiten von Inhalten, die Rechte Dritter verletzen.<\/li>\n<li>Bei Verletzung dieser Regeln beh\u00e4lt sich der Betreiber rechtliche Schritte vor.<\/li>\n<\/ul>\n<h2>8. Links zu Drittanbietern und externer Vertragsabschluss<\/h2>\n<p>F\u00fcr Inhalte externer Websites, zu denen Links von dieser Website f\u00fchren, \u00fcbernehmen wir keine Verantwortung. Das Anklicken von &#8222;Buy&#8220;\/&#8220;Order&#8220;-Buttons oder vergleichbaren Verlinkungen f\u00fchrt Sie auf die jeweilige Drittseite; dort gelten die Gesch\u00e4ftsbedingungen, Datenschutzbestimmungen und Widerrufsrechte des jeweiligen Anbieters. Fragen zu Verf\u00fcgbarkeit, Preis, Lieferung, R\u00fccksendung, R\u00fcckerstattung oder Gew\u00e4hrleistung sind direkt mit dem offiziellen Verk\u00e4ufer zu kl\u00e4ren.<\/p>\n<h2>9. Geistiges Eigentum und Rechte Dritter<\/h2>\n<p>S\u00e4mtliche Inhalte dieser Website (Texte, Bilder, Layout, Markenzeichen) sind urheber\u2011 und markenrechtlich gesch\u00fctzt, soweit nicht anders angegeben. Die Betreiberin\/der Betreiber erhebt keinen Anspruch auf Eigentum an Marken, Produktlogos oder Werken von Herstellern oder Rechteinhabern und beabsichtigt keine Marken\u2011 oder Urheberrechtsverletzung.<\/p>\n<p>Die Website steht in keiner rechtlichen, wirtschaftlichen oder organisatorischen Verbindung zu fr\u00fcheren Inhabern der Domain permanente-impfambulanz.de oder zu zuvor auf dieser Domain ver\u00f6ffentlichten Inhalten.<\/p>\n<p>Hinweise auf vermutete Rechteverletzungen oder Takedown\u2011Anfragen richten Sie bitte per E\u2011Mail an apotheke@permanente-impfambulanz.de.<\/p>\n<h2>10. Haftungsbeschr\u00e4nkung<\/h2>\n<p>Soweit gesetzlich zul\u00e4ssig, ist die Haftung der Betreiberin\/des Betreibers f\u00fcr leichte Fahrl\u00e4ssigkeit ausgeschlossen. Dies gilt nicht bei Verletzung wesentlicher Vertragspflichten (Kardinalpflichten), bei Vorsatz oder grober Fahrl\u00e4ssigkeit sowie bei Haftung f\u00fcr Sch\u00e4den aus der Verletzung des Lebens, des K\u00f6rpers oder der Gesundheit. Ebenfalls unber\u00fchrt bleiben zwingende gesetzliche Haftungsregelungen nach dem Produkthaftungsgesetz und sonstige zwingende Gew\u00e4hrleistungsrechte nach dem B\u00fcrgerlichen Gesetzbuch (BGB).<\/p>\n<p>Konkrete Anspr\u00fcche auf Schadensersatz sind auf den vorhersehbaren, vertragstypischen Schaden begrenzt, soweit keine der oben genannten Ausnahmen greift.<\/p>\n<h2>11. Alternative Streitbeilegung<\/h2>\n<p>Die Europ\u00e4ische Kommission stellt eine Plattform zur Online-Streitbeilegung (OS) bereit: https:\/\/ec.europa.eu\/consumers\/odr. Verbraucher haben die M\u00f6glichkeit, diese Plattform f\u00fcr die Beilegung ihrer Streitigkeiten zu nutzen. Die Betreiberin\/der Betreiber ist grunds\u00e4tzlich bereit, an einem au\u00dfergerichtlichen Schlichtungsverfahren teilzunehmen; n\u00e4here Informationen erhalten Sie auf Anfrage per E\u2011Mail.<\/p>\n<h2>12. Anwendbares Recht und Gerichtsstand<\/h2>\n<p>Auf diese Nutzungsbedingungen und s\u00e4mtliche Rechtsbeziehungen zwischen Nutzern und Betreiberin\/Betreiber findet deutsches Recht Anwendung unter Ausschluss des UN-Kaufrechts (CISG), soweit nicht zwingende Verbraucherschutzvorschriften entgegenstehen.<\/p>\n<p>Soweit gesetzlich zul\u00e4ssig, ist der Gerichtsstand f\u00fcr alle Streitigkeiten aus oder im Zusammenhang mit der Nutzung dieser Website Stuttgart.<\/p>\n<h2>13. \u00c4nderung der Nutzungsbedingungen<\/h2>\n<p>Impf-Apotheke beh\u00e4lt sich das Recht vor, diese Nutzungsbedingungen jederzeit zu \u00e4ndern. Die jeweils aktuelle Fassung ist auf der Website ver\u00f6ffentlicht. Durch fortgesetzte Nutzung der Website nach Inkrafttreten der \u00c4nderungen erkl\u00e4ren Sie Ihr Einverst\u00e4ndnis mit den neuen Bedingungen.<\/p>\n<h2>14. Kontakt f\u00fcr Fragen zu den Nutzungsbedingungen<\/h2>\n<p>Bei Fragen zu diesen Nutzungsbedingungen erreichen Sie die Redaktion unter:<\/p>\n<ul>\n<li>E\u2011Mail: apotheke@permanente-impfambulanz.de<\/li>\n<li>Telefon: 0711 7073 1112<\/li>\n<li>Postanschrift: K\u00f6nigstra\u00dfe 2, 70173 Stuttgart, Germany<\/li>\n<li>Redaktionelle Erreichbarkeit (B\u00fcrozeiten): Mo\u2013Fr 09:00\u201318:00 Ortszeit (au\u00dfer an gesetzlichen Feiertagen).<\/li>\n<\/ul>\n<p>F\u00fcr weiter gesetzlich vorgeschriebene Angaben oder Ausk\u00fcnfte schreiben Sie bitte an apotheke@permanente-impfambulanz.de.<\/p>\n","protected":false},"excerpt":{"rendered":"<p>Nutzungsbedingungen (Terms of Use) f\u00fcr Impf-Apotheke G\u00fcltig f\u00fcr die Domain permanente-impfambulanz.de und die \u00f6ffentliche Seite https:\/\/permanente-impfambulanz.de\/apotheke. 1. Geltung und Annahme [&hellip;]<\/p>\n","protected":false},"author":1,"featured_media":0,"parent":0,"menu_order":0,"comment_status":"closed","ping_status":"closed","template":"","meta":{"site-sidebar-layout":"default","site-content-layout":"","ast-site-content-layout":"default","site-content-style":"default","site-sidebar-style":"default","ast-global-header-display":"","ast-banner-title-visibility":"","ast-main-header-display":"","ast-hfb-above-header-display":"","ast-hfb-below-header-display":"","ast-hfb-mobile-header-display":"","site-post-title":"","ast-breadcrumbs-content":"","ast-featured-img":"","footer-sml-layout":"","ast-disable-related-posts":"","theme-transparent-header-meta":"","adv-header-id-meta":"","stick-header-meta":"","header-above-stick-meta":"","header-main-stick-meta":"","header-below-stick-meta":"","astra-migrate-meta-layouts":"default","ast-page-background-enabled":"default","ast-page-background-meta":{"desktop":{"background-color":"var(--ast-global-color-5)","background-image":"","background-repeat":"repeat","background-position":"center center","background-size":"auto","background-attachment":"scroll","background-type":"","background-media":"","overlay-type":"","overlay-color":"","overlay-opacity":"","overlay-gradient":""},"tablet":{"background-color":"","background-image":"","background-repeat":"repeat","background-position":"center center","background-size":"auto","background-attachment":"scroll","background-type":"","background-media":"","overlay-type":"","overlay-color":"","overlay-opacity":"","overlay-gradient":""},"mobile":{"background-color":"","background-image":"","background-repeat":"repeat","background-position":"center center","background-size":"auto","background-attachment":"scroll","background-type":"","background-media":"","overlay-type":"","overlay-color":"","overlay-opacity":"","overlay-gradient":""}},"ast-content-background-meta":{"desktop":{"background-color":"var(--ast-global-color-4)","background-image":"","background-repeat":"repeat","background-position":"center center","background-size":"auto","background-attachment":"scroll","background-type":"","background-media":"","overlay-type":"","overlay-color":"","overlay-opacity":"","overlay-gradient":""},"tablet":{"background-color":"var(--ast-global-color-4)","background-image":"","background-repeat":"repeat","background-position":"center center","background-size":"auto","background-attachment":"scroll","background-type":"","background-media":"","overlay-type":"","overlay-color":"","overlay-opacity":"","overlay-gradient":""},"mobile":{"background-color":"var(--ast-global-color-4)","background-image":"","background-repeat":"repeat","background-position":"center center","background-size":"auto","background-attachment":"scroll","background-type":"","background-media":"","overlay-type":"","overlay-color":"","overlay-opacity":"","overlay-gradient":""}},"footnotes":""},"class_list":["post-1701","page","type-page","status-publish","hentry"],"yoast_head":"<!-- This site is optimized with the Yoast SEO plugin v27.3 - https:\/\/yoast.com\/product\/yoast-seo-wordpress\/ -->\n<title>Allgemeine Gesch\u00e4ftsbedingungen - Impf-Apotheke<\/title>\n<meta name=\"robots\" content=\"index, follow, max-snippet:-1, max-image-preview:large, max-video-preview:-1\" \/>\n<link rel=\"canonical\" href=\"https:\/\/permanente-impfambulanz.de\/apotheke\/agb\/\" \/>\n<meta property=\"og:locale\" content=\"de_DE\" \/>\n<meta property=\"og:type\" content=\"article\" \/>\n<meta property=\"og:title\" content=\"Allgemeine Gesch\u00e4ftsbedingungen - Impf-Apotheke\" \/>\n<meta property=\"og:description\" content=\"Nutzungsbedingungen (Terms of Use) f\u00fcr Impf-Apotheke G\u00fcltig f\u00fcr die Domain permanente-impfambulanz.de und die \u00f6ffentliche Seite https:\/\/permanente-impfambulanz.de\/apotheke. 1. Geltung und Annahme [&hellip;]\" \/>\n<meta property=\"og:url\" content=\"https:\/\/permanente-impfambulanz.de\/apotheke\/agb\/\" \/>\n<meta property=\"og:site_name\" content=\"Impf-Apotheke\" \/>\n<meta name=\"twitter:card\" content=\"summary_large_image\" \/>\n<meta name=\"twitter:label1\" content=\"Gesch\u00e4tzte Lesezeit\" \/>\n\t<meta name=\"twitter:data1\" content=\"5\u00a0Minuten\" \/>\n<script type=\"application\/ld+json\" class=\"yoast-schema-graph\">{\"@context\":\"https:\\\/\\\/schema.org\",\"@graph\":[{\"@type\":\"WebPage\",\"@id\":\"https:\\\/\\\/permanente-impfambulanz.de\\\/apotheke\\\/agb\\\/\",\"url\":\"https:\\\/\\\/permanente-impfambulanz.de\\\/apotheke\\\/agb\\\/\",\"name\":\"Allgemeine Gesch\u00e4ftsbedingungen - Impf-Apotheke\",\"isPartOf\":{\"@id\":\"https:\\\/\\\/permanente-impfambulanz.de\\\/apotheke\\\/#website\"},\"datePublished\":\"2026-04-24T14:38:20+00:00\",\"breadcrumb\":{\"@id\":\"https:\\\/\\\/permanente-impfambulanz.de\\\/apotheke\\\/agb\\\/#breadcrumb\"},\"inLanguage\":\"de\",\"potentialAction\":[{\"@type\":\"ReadAction\",\"target\":[\"https:\\\/\\\/permanente-impfambulanz.de\\\/apotheke\\\/agb\\\/\"]}]},{\"@type\":\"BreadcrumbList\",\"@id\":\"https:\\\/\\\/permanente-impfambulanz.de\\\/apotheke\\\/agb\\\/#breadcrumb\",\"itemListElement\":[{\"@type\":\"ListItem\",\"position\":1,\"name\":\"\u0413\u043b\u0430\u0432\u043d\u0430\u044f \u0441\u0442\u0440\u0430\u043d\u0438\u0446\u0430\",\"item\":\"https:\\\/\\\/permanente-impfambulanz.de\\\/apotheke\\\/\"},{\"@type\":\"ListItem\",\"position\":2,\"name\":\"Allgemeine Gesch\u00e4ftsbedingungen\"}]},{\"@type\":\"WebSite\",\"@id\":\"https:\\\/\\\/permanente-impfambulanz.de\\\/apotheke\\\/#website\",\"url\":\"https:\\\/\\\/permanente-impfambulanz.de\\\/apotheke\\\/\",\"name\":\"Impf-Apotheke\",\"description\":\"\",\"potentialAction\":[{\"@type\":\"SearchAction\",\"target\":{\"@type\":\"EntryPoint\",\"urlTemplate\":\"https:\\\/\\\/permanente-impfambulanz.de\\\/apotheke\\\/?s={search_term_string}\"},\"query-input\":{\"@type\":\"PropertyValueSpecification\",\"valueRequired\":true,\"valueName\":\"search_term_string\"}}],\"inLanguage\":\"de\"}]}<\/script>\n<!-- \/ Yoast SEO plugin. -->","yoast_head_json":{"title":"Allgemeine Gesch\u00e4ftsbedingungen - Impf-Apotheke","robots":{"index":"index","follow":"follow","max-snippet":"max-snippet:-1","max-image-preview":"max-image-preview:large","max-video-preview":"max-video-preview:-1"},"canonical":"https:\/\/permanente-impfambulanz.de\/apotheke\/agb\/","og_locale":"de_DE","og_type":"article","og_title":"Allgemeine Gesch\u00e4ftsbedingungen - Impf-Apotheke","og_description":"Nutzungsbedingungen (Terms of Use) f\u00fcr Impf-Apotheke G\u00fcltig f\u00fcr die Domain permanente-impfambulanz.de und die \u00f6ffentliche Seite https:\/\/permanente-impfambulanz.de\/apotheke. 1. Geltung und Annahme [&hellip;]","og_url":"https:\/\/permanente-impfambulanz.de\/apotheke\/agb\/","og_site_name":"Impf-Apotheke","twitter_card":"summary_large_image","twitter_misc":{"Gesch\u00e4tzte Lesezeit":"5\u00a0Minuten"},"schema":{"@context":"https:\/\/schema.org","@graph":[{"@type":"WebPage","@id":"https:\/\/permanente-impfambulanz.de\/apotheke\/agb\/","url":"https:\/\/permanente-impfambulanz.de\/apotheke\/agb\/","name":"Allgemeine Gesch\u00e4ftsbedingungen - Impf-Apotheke","isPartOf":{"@id":"https:\/\/permanente-impfambulanz.de\/apotheke\/#website"},"datePublished":"2026-04-24T14:38:20+00:00","breadcrumb":{"@id":"https:\/\/permanente-impfambulanz.de\/apotheke\/agb\/#breadcrumb"},"inLanguage":"de","potentialAction":[{"@type":"ReadAction","target":["https:\/\/permanente-impfambulanz.de\/apotheke\/agb\/"]}]},{"@type":"BreadcrumbList","@id":"https:\/\/permanente-impfambulanz.de\/apotheke\/agb\/#breadcrumb","itemListElement":[{"@type":"ListItem","position":1,"name":"\u0413\u043b\u0430\u0432\u043d\u0430\u044f \u0441\u0442\u0440\u0430\u043d\u0438\u0446\u0430","item":"https:\/\/permanente-impfambulanz.de\/apotheke\/"},{"@type":"ListItem","position":2,"name":"Allgemeine Gesch\u00e4ftsbedingungen"}]},{"@type":"WebSite","@id":"https:\/\/permanente-impfambulanz.de\/apotheke\/#website","url":"https:\/\/permanente-impfambulanz.de\/apotheke\/","name":"Impf-Apotheke","description":"","potentialAction":[{"@type":"SearchAction","target":{"@type":"EntryPoint","urlTemplate":"https:\/\/permanente-impfambulanz.de\/apotheke\/?s={search_term_string}"},"query-input":{"@type":"PropertyValueSpecification","valueRequired":true,"valueName":"search_term_string"}}],"inLanguage":"de"}]}},"_links":{"self":[{"href":"https:\/\/permanente-impfambulanz.de\/apotheke\/wp-json\/wp\/v2\/pages\/1701","targetHints":{"allow":["GET"]}}],"collection":[{"href":"https:\/\/permanente-impfambulanz.de\/apotheke\/wp-json\/wp\/v2\/pages"}],"about":[{"href":"https:\/\/permanente-impfambulanz.de\/apotheke\/wp-json\/wp\/v2\/types\/page"}],"author":[{"embeddable":true,"href":"https:\/\/permanente-impfambulanz.de\/apotheke\/wp-json\/wp\/v2\/users\/1"}],"replies":[{"embeddable":true,"href":"https:\/\/permanente-impfambulanz.de\/apotheke\/wp-json\/wp\/v2\/comments?post=1701"}],"version-history":[{"count":0,"href":"https:\/\/permanente-impfambulanz.de\/apotheke\/wp-json\/wp\/v2\/pages\/1701\/revisions"}],"wp:attachment":[{"href":"https:\/\/permanente-impfambulanz.de\/apotheke\/wp-json\/wp\/v2\/media?parent=1701"}],"curies":[{"name":"wp","href":"https:\/\/api.w.org\/{rel}","templated":true}]}}