{"id":1096,"date":"2025-05-10T02:10:53","date_gmt":"2025-05-10T00:10:53","guid":{"rendered":"https:\/\/permanente-impfambulanz.de\/apotheke\/?page_id=1096"},"modified":"2026-04-24T16:38:18","modified_gmt":"2026-04-24T14:38:18","slug":"rechtlicher-hinweis","status":"publish","type":"page","link":"https:\/\/permanente-impfambulanz.de\/apotheke\/rechtlicher-hinweis\/","title":{"rendered":"Rechtlicher Hinweis"},"content":{"rendered":"<p>Mit dem Zugriff auf diese Website erkl\u00e4ren Sie sich mit den nachfolgenden rechtlichen Hinweisen, der Datenschutzerkl\u00e4rung sowie der Nutzung sogenannter Affiliate-Links einverstanden. Wenn Sie mit diesen Bedingungen nicht einverstanden sind, verlassen Sie bitte diese Seite.<\/p>\n<p>Diese Website verkauft oder vertreibt keine der dargestellten Produkte. Sie dient ausschlie\u00dflich zu Informationszwecken und enth\u00e4lt Partnerlinks, die auf die offiziellen Webseiten der jeweiligen Anbieter verweisen, wo die Produkte bestellt werden k\u00f6nnen. Die Betreiber dieser Website sind nicht Hersteller, Vertreiber oder Verk\u00e4ufer der genannten Produkte und \u00fcbernehmen keine Haftung f\u00fcr deren Verf\u00fcgbarkeit, Preise oder Inhalte der verlinkten Seiten.<\/p>\n<p>Trotz sorgf\u00e4ltiger inhaltlicher Kontrolle \u00fcbernehmen wir keine Haftung f\u00fcr die Inhalte externer Links. F\u00fcr den Inhalt der verlinkten Seiten sind ausschlie\u00dflich deren Betreiber verantwortlich.<\/p>\n<p>Die Inhalte dieser Website stellen keine medizinische Beratung dar und ersetzen keine \u00e4rztliche Diagnose oder Behandlung. Bei gesundheitlichen Beschwerden wenden Sie sich bitte an Ihren Arzt oder Apotheker.<\/p>\n<p>Produktverf\u00fcgbarkeiten, Preise und Lieferbedingungen k\u00f6nnen sich jederzeit \u00e4ndern. Es gelten ausschlie\u00dflich die Angaben auf den offiziellen Webseiten der Anbieter.<\/p>\n<p>Diese Website verwendet Cookies und Affiliate-Tracking, um die Nutzererfahrung zu verbessern. Durch die weitere Nutzung der Website stimmen Sie der Verwendung von Cookies und der Verarbeitung personenbezogener Daten gem\u00e4\u00df unserer Datenschutzerkl\u00e4rung zu.<\/p>\n<p>Hinweis gem\u00e4\u00df \u00a7 6 TMG: Diese Website enth\u00e4lt sogenannte Affiliate-Links. Wenn Sie \u00fcber einen solchen Link einkaufen, erhalten wir ggf. eine Provision \u2013 f\u00fcr Sie entstehen dabei keine zus\u00e4tzlichen Kosten.<\/p>\n","protected":false},"excerpt":{"rendered":"<p>Mit dem Zugriff auf diese Website erkl\u00e4ren Sie sich mit den nachfolgenden rechtlichen Hinweisen, der Datenschutzerkl\u00e4rung sowie der Nutzung sogenannter [&hellip;]<\/p>\n","protected":false},"author":1,"featured_media":0,"parent":0,"menu_order":0,"comment_status":"closed","ping_status":"closed","template":"","meta":{"site-sidebar-layout":"default","site-content-layout":"","ast-site-content-layout":"default","site-content-style":"default","site-sidebar-style":"default","ast-global-header-display":"","ast-banner-title-visibility":"","ast-main-header-display":"","ast-hfb-above-header-display":"","ast-hfb-below-header-display":"","ast-hfb-mobile-header-display":"","site-post-title":"","ast-breadcrumbs-content":"","ast-featured-img":"","footer-sml-layout":"","ast-disable-related-posts":"","theme-transparent-header-meta":"default","adv-header-id-meta":"","stick-header-meta":"","header-above-stick-meta":"","header-main-stick-meta":"","header-below-stick-meta":"","astra-migrate-meta-layouts":"set","ast-page-background-enabled":"default","ast-page-background-meta":{"desktop":{"background-color":"var(--ast-global-color-5)","background-image":"","background-repeat":"repeat","background-position":"center center","background-size":"auto","background-attachment":"scroll","background-type":"","background-media":"","overlay-type":"","overlay-color":"","overlay-opacity":"","overlay-gradient":""},"tablet":{"background-color":"","background-image":"","background-repeat":"repeat","background-position":"center center","background-size":"auto","background-attachment":"scroll","background-type":"","background-media":"","overlay-type":"","overlay-color":"","overlay-opacity":"","overlay-gradient":""},"mobile":{"background-color":"","background-image":"","background-repeat":"repeat","background-position":"center center","background-size":"auto","background-attachment":"scroll","background-type":"","background-media":"","overlay-type":"","overlay-color":"","overlay-opacity":"","overlay-gradient":""}},"ast-content-background-meta":{"desktop":{"background-color":"var(--ast-global-color-4)","background-image":"","background-repeat":"repeat","background-position":"center center","background-size":"auto","background-attachment":"scroll","background-type":"","background-media":"","overlay-type":"","overlay-color":"","overlay-opacity":"","overlay-gradient":""},"tablet":{"background-color":"var(--ast-global-color-4)","background-image":"","background-repeat":"repeat","background-position":"center center","background-size":"auto","background-attachment":"scroll","background-type":"","background-media":"","overlay-type":"","overlay-color":"","overlay-opacity":"","overlay-gradient":""},"mobile":{"background-color":"var(--ast-global-color-4)","background-image":"","background-repeat":"repeat","background-position":"center center","background-size":"auto","background-attachment":"scroll","background-type":"","background-media":"","overlay-type":"","overlay-color":"","overlay-opacity":"","overlay-gradient":""}},"footnotes":""},"class_list":["post-1096","page","type-page","status-publish","hentry"],"yoast_head":"<!-- This site is optimized with the Yoast SEO plugin v27.3 - https:\/\/yoast.com\/product\/yoast-seo-wordpress\/ -->\n<title>Rechtlicher Hinweis - Impf-Apotheke<\/title>\n<meta name=\"robots\" content=\"index, follow, max-snippet:-1, max-image-preview:large, max-video-preview:-1\" \/>\n<link rel=\"canonical\" href=\"https:\/\/permanente-impfambulanz.de\/apotheke\/rechtlicher-hinweis\/\" \/>\n<meta property=\"og:locale\" content=\"de_DE\" \/>\n<meta property=\"og:type\" content=\"article\" \/>\n<meta property=\"og:title\" content=\"Rechtlicher Hinweis - Impf-Apotheke\" \/>\n<meta property=\"og:description\" content=\"Mit dem Zugriff auf diese Website erkl\u00e4ren Sie sich mit den nachfolgenden rechtlichen Hinweisen, der Datenschutzerkl\u00e4rung sowie der Nutzung sogenannter [&hellip;]\" \/>\n<meta property=\"og:url\" content=\"https:\/\/permanente-impfambulanz.de\/apotheke\/rechtlicher-hinweis\/\" \/>\n<meta property=\"og:site_name\" content=\"Impf-Apotheke\" \/>\n<meta property=\"article:modified_time\" content=\"2026-04-24T14:38:18+00:00\" \/>\n<meta name=\"twitter:card\" content=\"summary_large_image\" \/>\n<script type=\"application\/ld+json\" class=\"yoast-schema-graph\">{\"@context\":\"https:\\\/\\\/schema.org\",\"@graph\":[{\"@type\":\"WebPage\",\"@id\":\"https:\\\/\\\/permanente-impfambulanz.de\\\/apotheke\\\/rechtlicher-hinweis\\\/\",\"url\":\"https:\\\/\\\/permanente-impfambulanz.de\\\/apotheke\\\/rechtlicher-hinweis\\\/\",\"name\":\"Rechtlicher Hinweis - Impf-Apotheke\",\"isPartOf\":{\"@id\":\"https:\\\/\\\/permanente-impfambulanz.de\\\/apotheke\\\/#website\"},\"datePublished\":\"2025-05-10T00:10:53+00:00\",\"dateModified\":\"2026-04-24T14:38:18+00:00\",\"breadcrumb\":{\"@id\":\"https:\\\/\\\/permanente-impfambulanz.de\\\/apotheke\\\/rechtlicher-hinweis\\\/#breadcrumb\"},\"inLanguage\":\"de\",\"potentialAction\":[{\"@type\":\"ReadAction\",\"target\":[\"https:\\\/\\\/permanente-impfambulanz.de\\\/apotheke\\\/rechtlicher-hinweis\\\/\"]}]},{\"@type\":\"BreadcrumbList\",\"@id\":\"https:\\\/\\\/permanente-impfambulanz.de\\\/apotheke\\\/rechtlicher-hinweis\\\/#breadcrumb\",\"itemListElement\":[{\"@type\":\"ListItem\",\"position\":1,\"name\":\"\u0413\u043b\u0430\u0432\u043d\u0430\u044f \u0441\u0442\u0440\u0430\u043d\u0438\u0446\u0430\",\"item\":\"https:\\\/\\\/permanente-impfambulanz.de\\\/apotheke\\\/\"},{\"@type\":\"ListItem\",\"position\":2,\"name\":\"Rechtlicher Hinweis\"}]},{\"@type\":\"WebSite\",\"@id\":\"https:\\\/\\\/permanente-impfambulanz.de\\\/apotheke\\\/#website\",\"url\":\"https:\\\/\\\/permanente-impfambulanz.de\\\/apotheke\\\/\",\"name\":\"Impf-Apotheke\",\"description\":\"\",\"potentialAction\":[{\"@type\":\"SearchAction\",\"target\":{\"@type\":\"EntryPoint\",\"urlTemplate\":\"https:\\\/\\\/permanente-impfambulanz.de\\\/apotheke\\\/?s={search_term_string}\"},\"query-input\":{\"@type\":\"PropertyValueSpecification\",\"valueRequired\":true,\"valueName\":\"search_term_string\"}}],\"inLanguage\":\"de\"}]}<\/script>\n<!-- \/ Yoast SEO plugin. -->","yoast_head_json":{"title":"Rechtlicher Hinweis - Impf-Apotheke","robots":{"index":"index","follow":"follow","max-snippet":"max-snippet:-1","max-image-preview":"max-image-preview:large","max-video-preview":"max-video-preview:-1"},"canonical":"https:\/\/permanente-impfambulanz.de\/apotheke\/rechtlicher-hinweis\/","og_locale":"de_DE","og_type":"article","og_title":"Rechtlicher Hinweis - Impf-Apotheke","og_description":"Mit dem Zugriff auf diese Website erkl\u00e4ren Sie sich mit den nachfolgenden rechtlichen Hinweisen, der Datenschutzerkl\u00e4rung sowie der Nutzung sogenannter [&hellip;]","og_url":"https:\/\/permanente-impfambulanz.de\/apotheke\/rechtlicher-hinweis\/","og_site_name":"Impf-Apotheke","article_modified_time":"2026-04-24T14:38:18+00:00","twitter_card":"summary_large_image","schema":{"@context":"https:\/\/schema.org","@graph":[{"@type":"WebPage","@id":"https:\/\/permanente-impfambulanz.de\/apotheke\/rechtlicher-hinweis\/","url":"https:\/\/permanente-impfambulanz.de\/apotheke\/rechtlicher-hinweis\/","name":"Rechtlicher Hinweis - Impf-Apotheke","isPartOf":{"@id":"https:\/\/permanente-impfambulanz.de\/apotheke\/#website"},"datePublished":"2025-05-10T00:10:53+00:00","dateModified":"2026-04-24T14:38:18+00:00","breadcrumb":{"@id":"https:\/\/permanente-impfambulanz.de\/apotheke\/rechtlicher-hinweis\/#breadcrumb"},"inLanguage":"de","potentialAction":[{"@type":"ReadAction","target":["https:\/\/permanente-impfambulanz.de\/apotheke\/rechtlicher-hinweis\/"]}]},{"@type":"BreadcrumbList","@id":"https:\/\/permanente-impfambulanz.de\/apotheke\/rechtlicher-hinweis\/#breadcrumb","itemListElement":[{"@type":"ListItem","position":1,"name":"\u0413\u043b\u0430\u0432\u043d\u0430\u044f \u0441\u0442\u0440\u0430\u043d\u0438\u0446\u0430","item":"https:\/\/permanente-impfambulanz.de\/apotheke\/"},{"@type":"ListItem","position":2,"name":"Rechtlicher Hinweis"}]},{"@type":"WebSite","@id":"https:\/\/permanente-impfambulanz.de\/apotheke\/#website","url":"https:\/\/permanente-impfambulanz.de\/apotheke\/","name":"Impf-Apotheke","description":"","potentialAction":[{"@type":"SearchAction","target":{"@type":"EntryPoint","urlTemplate":"https:\/\/permanente-impfambulanz.de\/apotheke\/?s={search_term_string}"},"query-input":{"@type":"PropertyValueSpecification","valueRequired":true,"valueName":"search_term_string"}}],"inLanguage":"de"}]}},"_links":{"self":[{"href":"https:\/\/permanente-impfambulanz.de\/apotheke\/wp-json\/wp\/v2\/pages\/1096","targetHints":{"allow":["GET"]}}],"collection":[{"href":"https:\/\/permanente-impfambulanz.de\/apotheke\/wp-json\/wp\/v2\/pages"}],"about":[{"href":"https:\/\/permanente-impfambulanz.de\/apotheke\/wp-json\/wp\/v2\/types\/page"}],"author":[{"embeddable":true,"href":"https:\/\/permanente-impfambulanz.de\/apotheke\/wp-json\/wp\/v2\/users\/1"}],"replies":[{"embeddable":true,"href":"https:\/\/permanente-impfambulanz.de\/apotheke\/wp-json\/wp\/v2\/comments?post=1096"}],"version-history":[{"count":2,"href":"https:\/\/permanente-impfambulanz.de\/apotheke\/wp-json\/wp\/v2\/pages\/1096\/revisions"}],"predecessor-version":[{"id":1698,"href":"https:\/\/permanente-impfambulanz.de\/apotheke\/wp-json\/wp\/v2\/pages\/1096\/revisions\/1698"}],"wp:attachment":[{"href":"https:\/\/permanente-impfambulanz.de\/apotheke\/wp-json\/wp\/v2\/media?parent=1096"}],"curies":[{"name":"wp","href":"https:\/\/api.w.org\/{rel}","templated":true}]}}